{"id":178,"date":"2020-05-12T08:58:55","date_gmt":"2020-05-12T08:58:55","guid":{"rendered":"http:\/\/dolotbigsize.vn\/?post_type=product&#038;p=178"},"modified":"2020-05-12T09:09:38","modified_gmt":"2020-05-12T09:09:38","slug":"ao-lot-size-40-42-44","status":"publish","type":"product","link":"https:\/\/bigsize.sexyshop.vn\/index.php\/san-pham\/ao-lot-size-40-42-44\/","title":{"rendered":"\u00c1o l\u00f3t size 40-42-44"},"content":{"rendered":"<p>\u00c1o c\u00f3 g\u1ecdng, b\u1ea3n d\u00e2y vai l\u1eabn l\u01b0ng \u0111\u1ec1u l\u1edbn, c\u00f3 th\u1ec3 che ng\u1ea5n m\u1ee1<\/p>\n<p>\u00c1o c\u00f3 l\u1edbp v\u1ea3i nh\u1eb9. ko g\u00e2y qu\u00e1 n\u00f3ng<\/p>\n<p>v\u00ec b\u1ea3n l\u01b0ng l\u1edbn n\u00ean m\u00f9a h\u00e8 s\u1ebd b\u1ecb n\u00f3ng, anh ch\u1ecb n\u1ebfu ko c\u1ea7n gom fom ng\u01b0\u1eddi th\u00ec c\u00f3 th\u1ec3 l\u1ef1a ch\u1ecdn<\/p>\n<p>\u00e1o \u0111\u01b0\u1ee3c \u0111\u1ed5i tr\u1ea3 sau khi mua<\/p>\n<p>vui l\u00f2ng gi\u1eef nguy\u00ean tem m\u00e1c s\u1ea3n ph\u1ea9m n\u1ebfu mu\u1ed1n \u0111\u1ed5i \u1ea1<\/p>\n<p>&nbsp;<\/p>\n<p>&nbsp;<\/p>\n<p>&nbsp;<\/p>\n<p>&nbsp;<\/p>\n","protected":false},"excerpt":{"rendered":"<p>\u00c1o c\u00f3 g\u1ecdng, b\u1ea3n d\u00e2y vai l\u1eabn l\u01b0ng \u0111\u1ec1u l\u1edbn, c\u00f3 th\u1ec3 che ng\u1ea5n m\u1ee1 \u00c1o c\u00f3 l\u1edbp v\u1ea3i nh\u1eb9. ko g\u00e2y qu\u00e1 n\u00f3ng v\u00ec b\u1ea3n l\u01b0ng l\u1edbn n\u00ean m\u00f9a h\u00e8 s\u1ebd b\u1ecb n\u00f3ng, anh ch\u1ecb n\u1ebfu ko c\u1ea7n gom fom ng\u01b0\u1eddi th\u00ec c\u00f3 th\u1ec3 l\u1ef1a ch\u1ecdn \u00e1o \u0111\u01b0\u1ee3c \u0111\u1ed5i tr\u1ea3 sau khi mua vui [&hellip;]<\/p>\n","protected":false},"featured_media":183,"comment_status":"open","ping_status":"closed","template":"","meta":[],"product_brand":[],"product_cat":[7],"product_tag":[33,35,27,28,34,30,29,32,31],"class_list":{"0":"post-178","1":"product","2":"type-product","3":"status-publish","4":"has-post-thumbnail","6":"product_cat-ao-big-size","7":"product_tag-ao-lot-big-size","8":"product_tag-ao-lot-size-to","9":"product_tag-ao-nguc-big-size","10":"product_tag-big-size","11":"product_tag-giay-big-size","12":"product_tag-lingeire-plussize","13":"product_tag-plussize","14":"product_tag-size-tay","15":"product_tag-western-size","16":"post","17":"post-with-thumbnail","18":"post-with-thumbnail-large","20":"first","21":"instock","22":"shipping-taxable","23":"purchasable","24":"product-type-simple"},"_links":{"self":[{"href":"https:\/\/bigsize.sexyshop.vn\/index.php\/wp-json\/wp\/v2\/product\/178","targetHints":{"allow":["GET"]}}],"collection":[{"href":"https:\/\/bigsize.sexyshop.vn\/index.php\/wp-json\/wp\/v2\/product"}],"about":[{"href":"https:\/\/bigsize.sexyshop.vn\/index.php\/wp-json\/wp\/v2\/types\/product"}],"replies":[{"embeddable":true,"href":"https:\/\/bigsize.sexyshop.vn\/index.php\/wp-json\/wp\/v2\/comments?post=178"}],"wp:featuredmedia":[{"embeddable":true,"href":"https:\/\/bigsize.sexyshop.vn\/index.php\/wp-json\/wp\/v2\/media\/183"}],"wp:attachment":[{"href":"https:\/\/bigsize.sexyshop.vn\/index.php\/wp-json\/wp\/v2\/media?parent=178"}],"wp:term":[{"taxonomy":"product_brand","embeddable":true,"href":"https:\/\/bigsize.sexyshop.vn\/index.php\/wp-json\/wp\/v2\/product_brand?post=178"},{"taxonomy":"product_cat","embeddable":true,"href":"https:\/\/bigsize.sexyshop.vn\/index.php\/wp-json\/wp\/v2\/product_cat?post=178"},{"taxonomy":"product_tag","embeddable":true,"href":"https:\/\/bigsize.sexyshop.vn\/index.php\/wp-json\/wp\/v2\/product_tag?post=178"}],"curies":[{"name":"wp","href":"https:\/\/api.w.org\/{rel}","templated":true}]}}