{"id":184,"date":"2020-05-12T09:10:22","date_gmt":"2020-05-12T09:10:22","guid":{"rendered":"http:\/\/dolotbigsize.vn\/?post_type=product&#038;p=184"},"modified":"2022-03-27T13:44:35","modified_gmt":"2022-03-27T13:44:35","slug":"ao-cup-ngang-big-size-34d-36d","status":"publish","type":"product","link":"https:\/\/bigsize.sexyshop.vn\/index.php\/san-pham\/ao-cup-ngang-big-size-34d-36d\/","title":{"rendered":"\u00c1o cup ngang big size 34D 36D"},"content":{"rendered":"<p>\u00c1o c\u00f3 g\u1ecdng<\/p>\n<p>c\u00f3 m\u00fat nh\u1eb9 ( padd ). \u00c1o c\u00f3 th\u1ec3 th\u00e1o \u0111\u01b0\u1ee3c d\u00e2y<\/p>\n<p>h\u00e0ng VNXK<\/p>\n<p>Tuy nhi\u00ean m\u1eb7t trong h\u01a1i l\u1ed7i. ace ib \u0111\u1ec3 check l\u1ed7i trc khi \u0111\u1eb7t mua nha<\/p>\n<p>&nbsp;<\/p>\n<p>&nbsp;<\/p>\n<p>&nbsp;<\/p>\n<p>&nbsp;<\/p>\n<p>&nbsp;<\/p>\n","protected":false},"excerpt":{"rendered":"<p>\u00c1o c\u00f3 g\u1ecdng c\u00f3 m\u00fat nh\u1eb9 ( padd ). \u00c1o c\u00f3 th\u1ec3 th\u00e1o \u0111\u01b0\u1ee3c d\u00e2y h\u00e0ng VNXK Tuy nhi\u00ean m\u1eb7t trong h\u01a1i l\u1ed7i. ace ib \u0111\u1ec3 check l\u1ed7i trc khi \u0111\u1eb7t mua nha &nbsp; &nbsp; &nbsp; &nbsp; &nbsp;<\/p>\n","protected":false},"featured_media":185,"comment_status":"open","ping_status":"closed","template":"","meta":[],"product_brand":[],"product_cat":[7],"product_tag":[43,33,35,27,28,34,30,29,32,31],"class_list":{"0":"post-184","1":"product","2":"type-product","3":"status-publish","4":"has-post-thumbnail","6":"product_cat-ao-big-size","7":"product_tag-ao-cup-ngang","8":"product_tag-ao-lot-big-size","9":"product_tag-ao-lot-size-to","10":"product_tag-ao-nguc-big-size","11":"product_tag-big-size","12":"product_tag-giay-big-size","13":"product_tag-lingeire-plussize","14":"product_tag-plussize","15":"product_tag-size-tay","16":"product_tag-western-size","17":"post","18":"post-with-thumbnail","19":"post-with-thumbnail-large","21":"first","22":"instock","23":"sale","24":"shipping-taxable","25":"purchasable","26":"product-type-simple"},"_links":{"self":[{"href":"https:\/\/bigsize.sexyshop.vn\/index.php\/wp-json\/wp\/v2\/product\/184","targetHints":{"allow":["GET"]}}],"collection":[{"href":"https:\/\/bigsize.sexyshop.vn\/index.php\/wp-json\/wp\/v2\/product"}],"about":[{"href":"https:\/\/bigsize.sexyshop.vn\/index.php\/wp-json\/wp\/v2\/types\/product"}],"replies":[{"embeddable":true,"href":"https:\/\/bigsize.sexyshop.vn\/index.php\/wp-json\/wp\/v2\/comments?post=184"}],"wp:featuredmedia":[{"embeddable":true,"href":"https:\/\/bigsize.sexyshop.vn\/index.php\/wp-json\/wp\/v2\/media\/185"}],"wp:attachment":[{"href":"https:\/\/bigsize.sexyshop.vn\/index.php\/wp-json\/wp\/v2\/media?parent=184"}],"wp:term":[{"taxonomy":"product_brand","embeddable":true,"href":"https:\/\/bigsize.sexyshop.vn\/index.php\/wp-json\/wp\/v2\/product_brand?post=184"},{"taxonomy":"product_cat","embeddable":true,"href":"https:\/\/bigsize.sexyshop.vn\/index.php\/wp-json\/wp\/v2\/product_cat?post=184"},{"taxonomy":"product_tag","embeddable":true,"href":"https:\/\/bigsize.sexyshop.vn\/index.php\/wp-json\/wp\/v2\/product_tag?post=184"}],"curies":[{"name":"wp","href":"https:\/\/api.w.org\/{rel}","templated":true}]}}