{"id":383,"date":"2022-03-21T15:20:30","date_gmt":"2022-03-21T15:20:30","guid":{"rendered":"https:\/\/dolotbigsize.vn\/?post_type=product&#038;p=383"},"modified":"2022-03-26T17:18:28","modified_gmt":"2022-03-26T17:18:28","slug":"quan-lot-tang-hinh-invisible-17","status":"publish","type":"product","link":"https:\/\/bigsize.sexyshop.vn\/index.php\/san-pham\/quan-lot-tang-hinh-invisible-17\/","title":{"rendered":"Qu\u1ea7n l\u00f3t t\u00e0ng h\u00ecnh invisible 17"},"content":{"rendered":"<p><strong>Qu\u1ea7n l\u00f3t cao c\u1ea5p th\u01b0\u01a1ng hi\u1ec7u c\u00e1c h\u00e3ng n\u1ed5i ti\u1ebfng v\u1ec1 ch\u1ea5t l\u01b0\u1ee3ng v\u00e0 m\u1eabu m\u00e3<\/strong><\/p>\n<p>gi\u00e1 ti\u1ec1n l\u00e0 1 chi\u1ebfc, d\u01b0\u1edbi \u0111\u00e2y l\u00e0 b\u1ea3ng h\u01b0\u1edbng d\u1eabn size, c\u00f3 t\u00ednh ch\u1ea5t tham kh\u1ea3o t\u01b0\u01a1ng \u0111\u1ed1i b\u1edfi c\u01a1 \u0111\u1ecba v\u00e0 s\u1edf th\u00edch m\u1eb7c th\u1eadt b\u00f3 hay tho\u1ea3i m\u00e1i s\u1ebd l\u00e0 l\u1ef1a ch\u1ecdn c\u1ee7a ng\u01b0\u1eddi mua.<\/p>\n<ul>\n<li>Qu\u1ea7n l\u00f3t l\u1ecdt khe m\u1ec1m m\u1ea1i kh\u00f4ng \u0111\u01b0\u1eddng h\u1eb1n, kh\u00f4ng l\u1ed9<br \/>\nD\u00f2ng qu\u1ea7n su , qu\u1ea7n c\u1eaft hay qu\u1ea7n t\u00e0ng h\u00ecnh ch\u00ednh l\u00e0 d\u00f2ng n\u00e0y.<br \/>\nH\u00e0ng s\u1ebd kh\u00e1c v\u1edbi h\u00e0ng ch\u1ee3 anh ch\u1ecb em c\u1ee9 so s\u00e1nh tho\u1ea3i m\u00e1i.<br \/>\nH\u00e0ng h\u00e3ng \u0111\u0169ng \u0111c may. V\u00e0 may m\u1edf ( g\u1ecdi l\u00e0 t\u00fai qu\u1ea7n l\u00f3t )<br \/>\nCh\u1ea5t li\u1ec7u cao c\u1ea5p ko b\u00ed hay g\u00e2y b\u00ed d\u1ec5 vi\u00eam nhi\u1ec5m ch\u1ecb em ph\u1ee5 n\u1eef.<br \/>\nQu\u1ea7n ko \u00e9p vi\u1ec1n hay \u00e9p \u0111\u0169ng n\u00ean k c\u00f3 chuy\u1ec7n d\u00f9ng 1 th\u1eddi gian b\u1ecb bong.<br \/>\nQu\u1ea7n k phai m\u00e0u ko c\u00f3 chuy\u1ec7n x\u00f9 gai xu\u1ed1ng m\u00e3.<br \/>\nQu\u1ea7n m\u1eb7c \u0111i t\u1eadp #gym #yoga c\u1ef1c h\u1ea1p.<br \/>\nQu\u1ea7n m\u1eb7c \u0111\u1ed3 b\u00f3 s\u00e1t hay v\u00e1y tr\u1eafng ko l\u1ed9 bao gi\u1edd lu\u00f4n<\/li>\n<\/ul>\n<p>Gi\u00e1 si\u00eau sale ch\u1ec9 \u00e1p d\u1ee5ng cho qu\u1ea7n big size L, XL; c\u00e1c size xs s m kh\u00f4ng \u00e1p d\u1ee5ng khuy\u1ebfn m\u1ea1i<\/p>\n<p><b>Size XL : M\u00f4ng &gt; 110 cm\u00a0<\/b><\/p>\n<p><strong>Size L : m\u00f4ng\u00a0 101-109cm ( t\u00f9y fom c\u00f3 th\u1ec3 l\u00e0 102-109cm)<\/strong><\/p>\n<p><strong>size M m\u00f4ng 95-100cm<\/strong><\/p>\n<p><strong>Size S m\u00f4ng 88-94cm<\/strong><\/p>\n<p><strong>Size XS m\u00f4ng &gt; 87cm<\/strong><\/p>\n<p>Qu\u1ea7n l\u00f3t ph\u1ed1i sexy g\u1ee3i c\u1ea3m<\/p>\n<p>Ch\u1ea5t li\u1ec7u tho\u1ea3i m\u00e1i.<\/p>\n<p>\u1ea2nh do shop t\u1ef1 ch\u1ee5p cam k\u1ebft s\u1ea3n ph\u1ea9m nh\u01b0 \u1ea3nh.<br \/>\nH\u00e0ng \u0111\u01b0\u1ee3c ki\u1ec3m tra khi nh\u1eadn ( ace ghi ch\u00fa khi \u0111\u1eb7t h\u00e0ng )<br \/>\n<strong>S\u1ea3n ph\u1ea9m nh\u1ea1y c\u1ea3m ko thu\u1ed9c danh m\u1ee5c \u0111\u01b0\u1ee3c \u0111\u1ed5i tr\u1ea3 n\u00ean anh ch\u1ecb em l\u01b0u \u00fd khi ch\u1ecdn mua<\/strong>\u00a0!<br \/>\nV\u00ec 1 s\u1ed1 l\u00fd do nh\u1ea1y c\u1ea3m m\u00e1c sp c\u00f3 th\u1ec3 s\u1ebd b\u1ecb c\u1eaft 1 ph\u1ea7n anh ch\u1ecb nha ( nh\u01b0 \u1ea3nh )<br \/>\n#quanlotkhe #quanlotthethao #quanlotkhethethao #sport #aotap #quantap #giaytap<\/p>\n<p>(Chi ti\u1ebft kh\u00e1ch xem m\u1ee5c ph\u00e2n lo\u1ea1i h\u00e0ng ho\u00e1; c\u00f2n \u0111\u1ec3 t\u00ecm qu\u1ea7n \u00e1o ph\u00f9 h\u1ee3p v\u1edbi c\u01a1 th\u1ec3 kh\u00e1ch vui l\u00f2ng \u0111\u1ecdc b\u1ea3ng th\u00f4ng s\u1ed1 size tr\u01b0\u1edbc khi \u0111\u1eb7t mua))<br \/>\n\u0110\u1ec3 tr\u00e1nh vi\u1ec7c hu\u1ef7 \u0111\u01a1n, Kh\u00e1ch h\u00e0ng c\u00f3 th\u1ec3 trao \u0111\u1ed5i tr\u1ef1c ti\u1ebfp qua \u1ee9ng d\u1ee5ng chat v\u1edbi shop n\u1ebfu c\u00f3 th\u1eafc m\u1eafc ho\u1eb7c c\u1ea7n xem th\u00eam \u1ea3nh.<\/p>\n<p><strong>\u2014Quy \u0111\u1ecbnh v\u1ec1 \u0111\u1ed5i tr\u1ea3 h\u00e0ng \u2014\u2014:<\/strong><br \/>\n\u2013 \u00c1o l\u00f3t v\u00e1y ng\u1ee7, kh\u0103n m\u00f9i xoa \u0111\u01b0\u1ee3c \u0111\u1ed5i tr\u1ea3 trong v\u00f2ng 02 ng\u00e0y. Th\u1eddi gian \u0111\u01b0\u1ee3c t\u00ednh t\u1eeb l\u00fac nh\u1eadn h\u00e0ng. Kh\u00e1ch \u1edf xa, shop s\u1ebd c\u0103n c\u1ee9 theo d\u1ea5u b\u01b0u c\u1ee5c ho\u00e0n h\u00e0ng.<br \/>\n\u2013 N\u1ed9i dung : (\u0111\u1ec3 trong g\u00f3i h\u00e0ng) t\u00ean + sdt + stk bank \u0111\u1ec3 shop lhe l\u1ea1i khi nh\u1eadn l\u1ea1i.<br \/>\n\u2013 Qu\u1ea7n l\u00f3t, \u0111\u1ed3 silicon, c\u00f3 th\u00e0nh ph\u1ea7n d\u00e1n d\u00ednh, t\u1ea5t, \u2026 shop kh\u00f4ng nh\u1eadn ho\u00e0n tr\u1ea3 n\u00ean qu\u00fd kh\u00e1ch l\u01b0u \u00fd khi ch\u1ecdn size, n\u1ebfu c\u00f2n b\u0103n kho\u0103n h\u00e3y h\u1ecfi nh\u00e2n vi\u00ean t\u01b0 v\u1ea5n th\u1eadt k\u1ef9 ho\u1eb7c lo\u1ea1i s\u1ea3n ph\u1ea9m kh\u1ecfi gi\u1ecf h\u00e0ng.<br \/>\n\u2013 C\u00e1c s\u1ea3n ph\u1ea9m \u0111\u1ed5i tr\u1ea3 ph\u1ea3i \u0111\u01b0\u1ee3c gi\u1eef s\u1ea1ch s\u1ebd, c\u00f2n nguy\u00ean tem m\u00e1c (n\u1ebfu c\u00f3), ch\u01b0a qua s\u1eed d\u1ee5ng, ko c\u00f3 m\u00f9i l\u1ea1. N\u1ebfu ko \u0111\u1ea7y \u0111\u1ee7 c\u00e1c \u0111k tr\u00ean ch\u00fang t\u00f4i c\u00f3 quy\u1ec1n t\u1eeb ch\u1ed1i vi\u1ec7c ho\u00e0n tr\u1ea3 h\u00e0ng.<br \/>\n\u2013 Kh\u00e1ch h\u00e0ng s\u1ebd ch\u1ecbu chi ph\u00ed v\u1eadn chuy\u1ec3n, ho\u1eb7c ph\u00ed giao d\u1ecbch (n\u1ebfu c\u00f3) trong qu\u00e1 tr\u00ecnh \u0111\u1ed5i\/tr\u1ea3 l\u1ea1i s\u1ea3n ph\u1ea9m. Ph\u00ed giao d\u1ecbch \u1edf \u0111\u00e2y l\u00e0 c\u00e1c ph\u00ed do s\u00e0n th\u01b0\u01a1ng m\u1ea1i \u0111i\u1ec7n t\u1eed thu cho \u0111\u01a1n h\u00e0ng thu COD t\u1eeb 2-7,5% (n\u1ebfu c\u00f3), Chi ti\u1ebft shop s\u1ebd tr\u00edch \u1ea3nh ch\u1ee5p ph\u00ed c\u1ee5 th\u1ec3. Kh\u00e1ch h\u00e0ng \u0111\u1ed5i\/tr\u1ea3 h\u00e0ng tr\u1ef1c ti\u1ebfp xin vui l\u00f2ng \u0111\u1ed5i v\u00e0o c\u00e1c bu\u1ed5i chi\u1ec1u.<br \/>\nC\u1ea3m \u01a1n c\u00e1c b\u1ea1n \u0111\u00e3 \u0111\u1ecdc !<\/p>\n<p>QUAN LOT BIG SIZE SI\u00caU M\u1ec0M<br \/>\n#sexyshop #dolotbigsize #khanmuixoa #dolotsexy #aolotbigsize #quanlotbigsize #l\u1ecdt_khe #v\u00e1y_ng\u1ee7 #dolotxuatkhau #dolotxuatxin #plussize #aolotxuatxin #dolotcaocap #bigsize #bigsizelingerie #dolotcosplay #brabigsize<br \/>\n#handkerchief #kh\u0103n_tay #kh\u0103n_gofl #kh\u0103n_cao_c\u1ea5p #h\u00e0ng_x\u00e1ch_tay<\/p>\n<p>#lotkhe #hangxachtay #\u0111\u1ed3l\u00f3txu\u1ea5tkh\u1ea9u #quanlotsexy #aolotbigsize #aobigsize #supersize #westsize<\/p>\n","protected":false},"excerpt":{"rendered":"<p>Qu\u1ea7n l\u00f3t cao c\u1ea5p th\u01b0\u01a1ng hi\u1ec7u c\u00e1c h\u00e3ng n\u1ed5i ti\u1ebfng v\u1ec1 ch\u1ea5t l\u01b0\u1ee3ng v\u00e0 m\u1eabu m\u00e3 gi\u00e1 ti\u1ec1n l\u00e0 1 chi\u1ebfc, d\u01b0\u1edbi \u0111\u00e2y l\u00e0 b\u1ea3ng h\u01b0\u1edbng d\u1eabn size, c\u00f3 t\u00ednh ch\u1ea5t tham kh\u1ea3o t\u01b0\u01a1ng \u0111\u1ed1i b\u1edfi c\u01a1 \u0111\u1ecba v\u00e0 s\u1edf th\u00edch m\u1eb7c th\u1eadt b\u00f3 hay tho\u1ea3i m\u00e1i s\u1ebd l\u00e0 l\u1ef1a ch\u1ecdn c\u1ee7a ng\u01b0\u1eddi mua. Qu\u1ea7n [&hellip;]<\/p>\n","protected":false},"featured_media":378,"comment_status":"open","ping_status":"closed","template":"","meta":[],"product_brand":[],"product_cat":[44,11,12],"product_tag":[46,51,57,53,48,52,50,49,58,55,47,54,56,31],"class_list":{"0":"post-383","1":"product","2":"type-product","3":"status-publish","4":"has-post-thumbnail","6":"product_cat-quan-lot-cao-cap","7":"product_cat-quan-size-l-101-110cm","8":"product_cat-quan-size-xl-111-121cm","9":"product_tag-dolotbigsize","10":"product_tag-lasenza","11":"product_tag-panty-invisible","12":"product_tag-pantybigsize","13":"product_tag-quan-lot-big-size","14":"product_tag-quan-lot-cao-cap","15":"product_tag-quan-lot-khe-big-size","16":"product_tag-quan-lot-size-to","17":"product_tag-quan-lot-tang-hinh","18":"product_tag-quan-sieu-mem","19":"product_tag-quanlotbigsize","20":"product_tag-thongbigsize","21":"product_tag-ultra-soft-lasenza","22":"product_tag-western-size","23":"post","24":"post-with-thumbnail","25":"post-with-thumbnail-large","27":"first","28":"instock","29":"sale","30":"shipping-taxable","31":"purchasable","32":"product-type-simple"},"_links":{"self":[{"href":"https:\/\/bigsize.sexyshop.vn\/index.php\/wp-json\/wp\/v2\/product\/383","targetHints":{"allow":["GET"]}}],"collection":[{"href":"https:\/\/bigsize.sexyshop.vn\/index.php\/wp-json\/wp\/v2\/product"}],"about":[{"href":"https:\/\/bigsize.sexyshop.vn\/index.php\/wp-json\/wp\/v2\/types\/product"}],"replies":[{"embeddable":true,"href":"https:\/\/bigsize.sexyshop.vn\/index.php\/wp-json\/wp\/v2\/comments?post=383"}],"wp:featuredmedia":[{"embeddable":true,"href":"https:\/\/bigsize.sexyshop.vn\/index.php\/wp-json\/wp\/v2\/media\/378"}],"wp:attachment":[{"href":"https:\/\/bigsize.sexyshop.vn\/index.php\/wp-json\/wp\/v2\/media?parent=383"}],"wp:term":[{"taxonomy":"product_brand","embeddable":true,"href":"https:\/\/bigsize.sexyshop.vn\/index.php\/wp-json\/wp\/v2\/product_brand?post=383"},{"taxonomy":"product_cat","embeddable":true,"href":"https:\/\/bigsize.sexyshop.vn\/index.php\/wp-json\/wp\/v2\/product_cat?post=383"},{"taxonomy":"product_tag","embeddable":true,"href":"https:\/\/bigsize.sexyshop.vn\/index.php\/wp-json\/wp\/v2\/product_tag?post=383"}],"curies":[{"name":"wp","href":"https:\/\/api.w.org\/{rel}","templated":true}]}}